{"id":1839,"date":"2025-06-26T13:26:11","date_gmt":"2025-06-26T13:26:11","guid":{"rendered":"https:\/\/gestalterapeuta.com\/serveis\/"},"modified":"2025-10-24T22:26:03","modified_gmt":"2025-10-24T22:26:03","slug":"serveis","status":"publish","type":"page","link":"https:\/\/gestalterapeuta.com\/ca\/serveis\/","title":{"rendered":"Serveis"},"content":{"rendered":"\t\t<div data-elementor-type=\"wp-page\" data-elementor-id=\"1839\" class=\"elementor elementor-1839 elementor-530\" data-elementor-post-type=\"page\">\n\t\t\t\t<div class=\"elementor-element elementor-element-30a0396 e-flex e-con-boxed parallax_section_no qode_elementor_container_no e-con e-parent\" data-id=\"30a0396\" data-element_type=\"container\" data-e-type=\"container\">\n\t\t\t\t\t<div class=\"e-con-inner\">\n\t\t\t\t<div class=\"elementor-element elementor-element-67893d6 elementor-widget elementor-widget-heading\" data-id=\"67893d6\" data-element_type=\"widget\" data-e-type=\"widget\" data-widget_type=\"heading.default\">\n\t\t\t\t<div class=\"elementor-widget-container\">\n\t\t\t\t\t<h2 class=\"elementor-heading-title elementor-size-default\">SERVEIS DE TER\u00c0PIA GESTALT PER A JOVES, ADULTS I PROFESSORAT<\/h2>\t\t\t\t<\/div>\n\t\t\t\t<\/div>\n\t\t\t\t<div class=\"elementor-element elementor-element-05b048f elementor-widget elementor-widget-qi_addons_for_elementor_animated_text\" data-id=\"05b048f\" data-element_type=\"widget\" data-e-type=\"widget\" data-widget_type=\"qi_addons_for_elementor_animated_text.default\">\n\t\t\t\t<div class=\"elementor-widget-container\">\n\t\t\t\t\t<div class=\"qodef-shortcode qodef-m qodef-qi-animated-text qodef--alignment-center qodef-qi--has-appear qodef--appear-from-bottom\" >\n\t\t<p class=\"qodef-m-title\">\n\t\tUN ESPAI, M\u00daLTIPLES MANERES DE CR\u00c9IXER\t<\/p>\n<\/div>\n\t\t\t\t<\/div>\n\t\t\t\t<\/div>\n\t\t\t\t<div class=\"elementor-element elementor-element-d500922 elementor-widget elementor-widget-text-editor\" data-id=\"d500922\" data-element_type=\"widget\" data-e-type=\"widget\" data-widget_type=\"text-editor.default\">\n\t\t\t\t<div class=\"elementor-widget-container\">\n\t\t\t\t\t\t\t\t\t<p>A L&#8217;Hivernacle creiem que cada proc\u00e9s hum\u00e0 necessita el seu propi ritme, eines i contenci\u00f3. Per aix\u00f2 oferim diferents serveis que responen a diversos moments vitals i professionals. Des de la cura terap\u00e8utica, l&#8217;acompanyament al professorat o l&#8217;exploraci\u00f3 creativa de la pr\u00f2pia experi\u00e8ncia, aqu\u00ed trobar\u00e0s un lloc on aturar-te, escoltar-te i cr\u00e9ixer.<\/p>\n\t\t\t\t\t\t\t\t<\/div>\n\t\t\t\t<\/div>\n\t\t\t\t<div class=\"elementor-element elementor-element-1cd16e9 elementor-widget elementor-widget-image\" data-id=\"1cd16e9\" data-element_type=\"widget\" data-e-type=\"widget\" data-widget_type=\"image.default\">\n\t\t\t\t<div class=\"elementor-widget-container\">\n\t\t\t\t\t\t\t\t\t\t\t\t\t\t\t<img fetchpriority=\"high\" decoding=\"async\" width=\"800\" height=\"534\" src=\"https:\/\/gestalterapeuta.com\/wp-content\/uploads\/2025\/07\/Hortensia.jpg\" class=\"attachment-large size-large wp-image-1674\" alt=\"\" srcset=\"https:\/\/gestalterapeuta.com\/wp-content\/uploads\/2025\/07\/Hortensia.jpg 800w, https:\/\/gestalterapeuta.com\/wp-content\/uploads\/2025\/07\/Hortensia-300x200.jpg 300w, https:\/\/gestalterapeuta.com\/wp-content\/uploads\/2025\/07\/Hortensia-768x513.jpg 768w, https:\/\/gestalterapeuta.com\/wp-content\/uploads\/2025\/07\/Hortensia-700x467.jpg 700w\" sizes=\"(max-width: 800px) 100vw, 800px\" \/>\t\t\t\t\t\t\t\t\t\t\t\t\t\t\t<\/div>\n\t\t\t\t<\/div>\n\t\t\t\t<div class=\"elementor-element elementor-element-0e220e5 elementor-widget elementor-widget-qi_addons_for_elementor_animated_text\" data-id=\"0e220e5\" data-element_type=\"widget\" data-e-type=\"widget\" data-widget_type=\"qi_addons_for_elementor_animated_text.default\">\n\t\t\t\t<div class=\"elementor-widget-container\">\n\t\t\t\t\t<div class=\"qodef-shortcode qodef-m qodef-qi-animated-text qodef--alignment-center qodef-qi--has-appear qodef--appear-from-bottom\" >\n\t\t<p class=\"qodef-m-title\">\n\t\tDES D'ON VOLS COMEN\u00c7AR A CUIDAR-TE?\t<\/p>\n<\/div>\n\t\t\t\t<\/div>\n\t\t\t\t<\/div>\n\t\t\t\t\t<\/div>\n\t\t\t\t<\/div>\n\t\t<div class=\"elementor-element elementor-element-aa98a8b e-flex e-con-boxed parallax_section_no qode_elementor_container_no e-con e-parent\" data-id=\"aa98a8b\" data-element_type=\"container\" data-e-type=\"container\">\n\t\t\t\t\t<div class=\"e-con-inner\">\n\t\t<div class=\"elementor-element elementor-element-764caa9 e-con-full e-flex parallax_section_no qode_elementor_container_no e-con e-child\" data-id=\"764caa9\" data-element_type=\"container\" data-e-type=\"container\">\n\t\t\t\t<div class=\"elementor-element elementor-element-4cec3fe elementor-widget elementor-widget-image\" data-id=\"4cec3fe\" data-element_type=\"widget\" data-e-type=\"widget\" data-widget_type=\"image.default\">\n\t\t\t\t<div class=\"elementor-widget-container\">\n\t\t\t\t\t\t\t\t\t\t\t\t\t\t\t<img decoding=\"async\" width=\"428\" height=\"428\" src=\"https:\/\/gestalterapeuta.com\/wp-content\/uploads\/2025\/07\/Recurso-10.png\" class=\"attachment-large size-large wp-image-1695\" alt=\"Bot\u00f3n Terapeuta gestalt Marta Borr\u00f3s 3\" srcset=\"https:\/\/gestalterapeuta.com\/wp-content\/uploads\/2025\/07\/Recurso-10.png 428w, https:\/\/gestalterapeuta.com\/wp-content\/uploads\/2025\/07\/Recurso-10-300x300.png 300w, https:\/\/gestalterapeuta.com\/wp-content\/uploads\/2025\/07\/Recurso-10-150x150.png 150w\" sizes=\"(max-width: 428px) 100vw, 428px\" \/>\t\t\t\t\t\t\t\t\t\t\t\t\t\t\t<\/div>\n\t\t\t\t<\/div>\n\t\t\t\t<div class=\"elementor-element elementor-element-96fca63 elementor-widget elementor-widget-heading\" data-id=\"96fca63\" data-element_type=\"widget\" data-e-type=\"widget\" data-widget_type=\"heading.default\">\n\t\t\t\t<div class=\"elementor-widget-container\">\n\t\t\t\t\t<h4 class=\"elementor-heading-title elementor-size-default\"><a href=\"https:\/\/gestalterapeuta.com\/ca\/terapia-gestalt\/\">TER\u00c0PIA INDIVIDUAL I GRUPAL<\/a><\/h4>\t\t\t\t<\/div>\n\t\t\t\t<\/div>\n\t\t\t\t<div class=\"elementor-element elementor-element-7fadd29 elementor-widget elementor-widget-text-editor\" data-id=\"7fadd29\" data-element_type=\"widget\" data-e-type=\"widget\" data-widget_type=\"text-editor.default\">\n\t\t\t\t<div class=\"elementor-widget-container\">\n\t\t\t\t\t\t\t\t\t<p data-start=\"980\" data-end=\"1311\">Oferim ter\u00e0pia individual, grupal i familiar des d&#8217;un enfocament gest\u00e0ltic, humanista i sist\u00e8mic. T&#8217;acompanyem a explorar all\u00f2 que avui et fa mal, et confon o et bloqueja, i a recuperar la teva capacitat de sentir, triar i habitar-te amb autenticitat. Treballem amb adolescents, joves, fam\u00edlies, parelles i persones adultes.<\/p>\n\t\t\t\t\t\t\t\t<\/div>\n\t\t\t\t<\/div>\n\t\t\t\t<div class=\"elementor-element elementor-element-09e58ed elementor-align-center elementor-widget elementor-widget-button\" data-id=\"09e58ed\" data-element_type=\"widget\" data-e-type=\"widget\" data-widget_type=\"button.default\">\n\t\t\t\t<div class=\"elementor-widget-container\">\n\t\t\t\t\t\t\t\t\t<div class=\"elementor-button-wrapper\">\n\t\t\t\t\t<a class=\"elementor-button elementor-button-link elementor-size-sm\" href=\"https:\/\/gestalterapeuta.com\/ca\/terapia-gestalt\/\">\n\t\t\t\t\t\t<span class=\"elementor-button-content-wrapper\">\n\t\t\t\t\t\t\t\t\t<span class=\"elementor-button-text\"> M\u00e9s sobre les nostres ter\u00e0pies<\/span>\n\t\t\t\t\t<\/span>\n\t\t\t\t\t<\/a>\n\t\t\t\t<\/div>\n\t\t\t\t\t\t\t\t<\/div>\n\t\t\t\t<\/div>\n\t\t\t\t<\/div>\n\t\t<div class=\"elementor-element elementor-element-05b26bb e-con-full e-flex parallax_section_no qode_elementor_container_no e-con e-child\" data-id=\"05b26bb\" data-element_type=\"container\" data-e-type=\"container\">\n\t\t\t\t<div class=\"elementor-element elementor-element-bbbdd0d elementor-widget elementor-widget-image\" data-id=\"bbbdd0d\" data-element_type=\"widget\" data-e-type=\"widget\" data-widget_type=\"image.default\">\n\t\t\t\t<div class=\"elementor-widget-container\">\n\t\t\t\t\t\t\t\t\t\t\t\t\t\t\t<img decoding=\"async\" width=\"428\" height=\"428\" src=\"https:\/\/gestalterapeuta.com\/wp-content\/uploads\/2025\/07\/Recurso-8.png\" class=\"attachment-large size-large wp-image-1693\" alt=\"Bot\u00f3n Terapeuta gestalt Marta Borr\u00f3s 5\" srcset=\"https:\/\/gestalterapeuta.com\/wp-content\/uploads\/2025\/07\/Recurso-8.png 428w, https:\/\/gestalterapeuta.com\/wp-content\/uploads\/2025\/07\/Recurso-8-300x300.png 300w, https:\/\/gestalterapeuta.com\/wp-content\/uploads\/2025\/07\/Recurso-8-150x150.png 150w\" sizes=\"(max-width: 428px) 100vw, 428px\" \/>\t\t\t\t\t\t\t\t\t\t\t\t\t\t\t<\/div>\n\t\t\t\t<\/div>\n\t\t\t\t<div class=\"elementor-element elementor-element-bdcb4cc elementor-widget elementor-widget-heading\" data-id=\"bdcb4cc\" data-element_type=\"widget\" data-e-type=\"widget\" data-widget_type=\"heading.default\">\n\t\t\t\t<div class=\"elementor-widget-container\">\n\t\t\t\t\t<h4 class=\"elementor-heading-title elementor-size-default\"><a href=\"https:\/\/gestalterapeuta.com\/ca\/acompanyament-professorat\/\">ACOMPANYAMENT AL PROFESSORAT <\/a><\/h4>\t\t\t\t<\/div>\n\t\t\t\t<\/div>\n\t\t\t\t<div class=\"elementor-element elementor-element-df27f35 elementor-widget elementor-widget-text-editor\" data-id=\"df27f35\" data-element_type=\"widget\" data-e-type=\"widget\" data-widget_type=\"text-editor.default\">\n\t\t\t\t<div class=\"elementor-widget-container\">\n\t\t\t\t\t\t\t\t\t<p>La cura de qui cuida \u00e9s important. A L&#8217;Hivernacle oferim espais d&#8217;acompanyament al professorat des d&#8217;un enfocament respectu\u00f3s i transformador. Atenem les necessitats de docents en diferents etapes de la seva traject\u00f2ria: inicis vocacionals, moments de desgast, tancaments de cicle professional o reptes en l&#8217;acompanyament emocional de l&#8217;alumnat.<\/p>\n\t\t\t\t\t\t\t\t<\/div>\n\t\t\t\t<\/div>\n\t\t\t\t<div class=\"elementor-element elementor-element-e392b47 elementor-align-center elementor-widget elementor-widget-button\" data-id=\"e392b47\" data-element_type=\"widget\" data-e-type=\"widget\" data-widget_type=\"button.default\">\n\t\t\t\t<div class=\"elementor-widget-container\">\n\t\t\t\t\t\t\t\t\t<div class=\"elementor-button-wrapper\">\n\t\t\t\t\t<a class=\"elementor-button elementor-button-link elementor-size-sm\" href=\"https:\/\/gestalterapeuta.com\/ca\/acompanyament-professorat\/\">\n\t\t\t\t\t\t<span class=\"elementor-button-content-wrapper\">\n\t\t\t\t\t\t\t\t\t<span class=\"elementor-button-text\"> Veure m\u00e9s sobre l'acompanyament al professorat<\/span>\n\t\t\t\t\t<\/span>\n\t\t\t\t\t<\/a>\n\t\t\t\t<\/div>\n\t\t\t\t\t\t\t\t<\/div>\n\t\t\t\t<\/div>\n\t\t\t\t<\/div>\n\t\t<div class=\"elementor-element elementor-element-8f0873f e-con-full e-flex parallax_section_no qode_elementor_container_no e-con e-child\" data-id=\"8f0873f\" data-element_type=\"container\" data-e-type=\"container\">\n\t\t\t\t<div class=\"elementor-element elementor-element-dc93ba6 elementor-widget elementor-widget-image\" data-id=\"dc93ba6\" data-element_type=\"widget\" data-e-type=\"widget\" data-widget_type=\"image.default\">\n\t\t\t\t<div class=\"elementor-widget-container\">\n\t\t\t\t\t\t\t\t\t\t\t\t\t\t\t<img loading=\"lazy\" decoding=\"async\" width=\"428\" height=\"428\" src=\"https:\/\/gestalterapeuta.com\/wp-content\/uploads\/2025\/07\/Recurso-7.png\" class=\"attachment-large size-large wp-image-1692\" alt=\"Bot\u00f3n Terapeuta gestalt Marta Borr\u00f3s 6\" srcset=\"https:\/\/gestalterapeuta.com\/wp-content\/uploads\/2025\/07\/Recurso-7.png 428w, https:\/\/gestalterapeuta.com\/wp-content\/uploads\/2025\/07\/Recurso-7-300x300.png 300w, https:\/\/gestalterapeuta.com\/wp-content\/uploads\/2025\/07\/Recurso-7-150x150.png 150w\" sizes=\"(max-width: 428px) 100vw, 428px\" \/>\t\t\t\t\t\t\t\t\t\t\t\t\t\t\t<\/div>\n\t\t\t\t<\/div>\n\t\t\t\t<div class=\"elementor-element elementor-element-34d1582 elementor-widget elementor-widget-heading\" data-id=\"34d1582\" data-element_type=\"widget\" data-e-type=\"widget\" data-widget_type=\"heading.default\">\n\t\t\t\t<div class=\"elementor-widget-container\">\n\t\t\t\t\t<h4 class=\"elementor-heading-title elementor-size-default\"><a href=\"https:\/\/gestalterapeuta.com\/ca\/escriptura-terapeutica\/\">ESCRIPTURA TERAP\u00c8UTICA<\/a><\/h4>\t\t\t\t<\/div>\n\t\t\t\t<\/div>\n\t\t\t\t<div class=\"elementor-element elementor-element-9d31ee1 elementor-widget elementor-widget-text-editor\" data-id=\"9d31ee1\" data-element_type=\"widget\" data-e-type=\"widget\" data-widget_type=\"text-editor.default\">\n\t\t\t\t<div class=\"elementor-widget-container\">\n\t\t\t\t\t\t\t\t\t<p>L&#8217;escriptura pot ser una aliada profunda en els processos d&#8217;autoconeixement i sanaci\u00f3. A trav\u00e9s de la paraula escrita donem forma al que sentim, ordenem el que ens confon i expressem all\u00f2 que moltes vegades no aconseguim dir en veu alta. <br data-start=\"561\" data-end=\"564\" \/>A L&#8217;Hivernacle utilitzem l&#8217;escriptura terap\u00e8utica i creativa com a via de connexi\u00f3 amb un mateix. Cada persona arriba a L&#8217;Hivernacle des d&#8217;una hist\u00f2ria diferent. Alguns busquen suport terap\u00e8utic; d\u2019altres, un lloc per retrobar-se amb la vocaci\u00f3 docent o la creativitat. Sigui quin sigui el teu punt de partida, aqu\u00ed trobar\u00e0s un espai de pres\u00e8ncia, escolta i transformaci\u00f3.<\/p>\n\t\t\t\t\t\t\t\t<\/div>\n\t\t\t\t<\/div>\n\t\t\t\t<div class=\"elementor-element elementor-element-4ea7a42 elementor-align-center elementor-widget elementor-widget-button\" data-id=\"4ea7a42\" data-element_type=\"widget\" data-e-type=\"widget\" data-widget_type=\"button.default\">\n\t\t\t\t<div class=\"elementor-widget-container\">\n\t\t\t\t\t\t\t\t\t<div class=\"elementor-button-wrapper\">\n\t\t\t\t\t<a class=\"elementor-button elementor-button-link elementor-size-sm\" href=\"https:\/\/gestalterapeuta.com\/ca\/escriptura-terapeutica\/\">\n\t\t\t\t\t\t<span class=\"elementor-button-content-wrapper\">\n\t\t\t\t\t\t\t\t\t<span class=\"elementor-button-text\"> Explora l'escriptura terap\u00e8utica<\/span>\n\t\t\t\t\t<\/span>\n\t\t\t\t\t<\/a>\n\t\t\t\t<\/div>\n\t\t\t\t\t\t\t\t<\/div>\n\t\t\t\t<\/div>\n\t\t\t\t<\/div>\n\t\t\t\t\t<\/div>\n\t\t\t\t<\/div>\n\t\t<div class=\"elementor-element elementor-element-2678c39 elementor-hidden-tablet elementor-hidden-mobile e-flex e-con-boxed parallax_section_no qode_elementor_container_no e-con e-parent\" data-id=\"2678c39\" data-element_type=\"container\" data-e-type=\"container\">\n\t\t\t\t\t<div class=\"e-con-inner\">\n\t\t\t\t<div class=\"elementor-element elementor-element-e810808 elementor-cta--skin-cover elementor-animated-content elementor-bg-transform elementor-bg-transform-zoom-in elementor-widget elementor-widget-call-to-action\" data-id=\"e810808\" data-element_type=\"widget\" data-e-type=\"widget\" data-widget_type=\"call-to-action.default\">\n\t\t\t\t<div class=\"elementor-widget-container\">\n\t\t\t\t\t\t\t<a class=\"elementor-cta\" href=\"https:\/\/gestalterapeuta.com\/ca\/contacte\/\">\n\t\t\t\t\t<div class=\"elementor-cta__bg-wrapper\">\n\t\t\t\t<div class=\"elementor-cta__bg elementor-bg\" style=\"background-image: url(https:\/\/gestalterapeuta.com\/wp-content\/uploads\/2025\/06\/footer-C-1024x308.jpg);\" role=\"img\" aria-label=\"Footer Marta Borr\u00f3s terapeuta gestalt\"><\/div>\n\t\t\t\t<div class=\"elementor-cta__bg-overlay\"><\/div>\n\t\t\t<\/div>\n\t\t\t\t\t\t\t<div class=\"elementor-cta__content\">\n\t\t\t\t\n\t\t\t\t\t\t\t\t\t<h2 class=\"elementor-cta__title elementor-cta__content-item elementor-content-item elementor-animated-item--grow\">\n\t\t\t\t\t\t Des d'on vols comen\u00e7ar el teu cam\u00ed?\t\t\t\t\t<\/h2>\n\t\t\t\t\n\t\t\t\t\n\t\t\t\t\t\t\t\t\t<div class=\"elementor-cta__button-wrapper elementor-cta__content-item elementor-content-item elementor-animated-item--grow\">\n\t\t\t\t\t<span class=\"elementor-cta__button elementor-button elementor-size-\">\n\t\t\t\t\t\t Reserva la teva primera sessi\u00f3\t\t\t\t\t<\/span>\n\t\t\t\t\t<\/div>\n\t\t\t\t\t\t\t<\/div>\n\t\t\t\t\t\t<\/a>\n\t\t\t\t\t\t<\/div>\n\t\t\t\t<\/div>\n\t\t\t\t\t<\/div>\n\t\t\t\t<\/div>\n\t\t<div class=\"elementor-element elementor-element-60776e5 elementor-hidden-desktop e-flex e-con-boxed parallax_section_no qode_elementor_container_no e-con e-parent\" data-id=\"60776e5\" data-element_type=\"container\" data-e-type=\"container\">\n\t\t\t\t\t<div class=\"e-con-inner\">\n\t\t\t\t<div class=\"elementor-element elementor-element-d37819d elementor-cta--skin-classic elementor-animated-content elementor-bg-transform elementor-bg-transform-zoom-in elementor-widget elementor-widget-call-to-action\" data-id=\"d37819d\" data-element_type=\"widget\" data-e-type=\"widget\" data-widget_type=\"call-to-action.default\">\n\t\t\t\t<div class=\"elementor-widget-container\">\n\t\t\t\t\t\t\t<a class=\"elementor-cta\" href=\"https:\/\/gestalterapeuta.com\/ca\/contacte\/\">\n\t\t\t\t\t<div class=\"elementor-cta__bg-wrapper\">\n\t\t\t\t<div class=\"elementor-cta__bg elementor-bg\" style=\"background-image: url(https:\/\/gestalterapeuta.com\/wp-content\/uploads\/2025\/06\/footer-C-1024x308.jpg);\" role=\"img\" aria-label=\"Footer Marta Borr\u00f3s terapeuta gestalt\"><\/div>\n\t\t\t\t<div class=\"elementor-cta__bg-overlay\"><\/div>\n\t\t\t<\/div>\n\t\t\t\t\t\t\t<div class=\"elementor-cta__content\">\n\t\t\t\t\n\t\t\t\t\t\t\t\t\t<h2 class=\"elementor-cta__title elementor-cta__content-item elementor-content-item\">\n\t\t\t\t\t\t Des d'on vols comen\u00e7ar el teu cam\u00ed?\t\t\t\t\t<\/h2>\n\t\t\t\t\n\t\t\t\t\n\t\t\t\t\t\t\t\t\t<div class=\"elementor-cta__button-wrapper elementor-cta__content-item elementor-content-item \">\n\t\t\t\t\t<span class=\"elementor-cta__button elementor-button elementor-size-\">\n\t\t\t\t\t\tReserva la teva sessi\u00f3\t\t\t\t\t<\/span>\n\t\t\t\t\t<\/div>\n\t\t\t\t\t\t\t<\/div>\n\t\t\t\t\t\t<\/a>\n\t\t\t\t\t\t<\/div>\n\t\t\t\t<\/div>\n\t\t\t\t\t<\/div>\n\t\t\t\t<\/div>\n\t\t\t\t<\/div>\n\t\t","protected":false},"excerpt":{"rendered":"<p>SERVEIS DE TER\u00c0PIA GESTALT PER A JOVES, ADULTS I PROFESSORAT UN ESPAI, M\u00daLTIPLES MANERES DE CR\u00c9IXER A L&#8217;Hivernacle creiem que cada proc\u00e9s hum\u00e0 necessita el seu propi ritme, eines i contenci\u00f3. Per aix\u00f2 oferim diferents serveis que responen a diversos moments vitals i professionals. Des&#8230;<\/p>\n","protected":false},"author":2,"featured_media":1714,"parent":0,"menu_order":0,"comment_status":"closed","ping_status":"closed","template":"","meta":{"_monsterinsights_skip_tracking":false,"_monsterinsights_sitenote_active":false,"_monsterinsights_sitenote_note":"","_monsterinsights_sitenote_category":0,"footnotes":""},"class_list":["post-1839","page","type-page","status-publish","has-post-thumbnail","hentry"],"yoast_head":"<!-- This site is optimized with the Yoast SEO plugin v27.2 - https:\/\/yoast.com\/product\/yoast-seo-wordpress\/ -->\n<title>Serveis - GESTALTERAPEUTA<\/title>\n<meta name=\"description\" content=\"Marta Borr\u00f3s, terapeuta gestalt, ofereix sessions de ter\u00e0pia individual, grupal i acompanyament educatiu des d&#039;un enfocament humanista i gest\u00e1ltico en L\u2019Hivernacle.\" \/>\n<meta name=\"robots\" content=\"index, follow, max-snippet:-1, max-image-preview:large, max-video-preview:-1\" \/>\n<link rel=\"canonical\" href=\"https:\/\/gestalterapeuta.com\/ca\/serveis\/\" \/>\n<meta property=\"og:locale\" content=\"ca_ES\" \/>\n<meta property=\"og:type\" content=\"article\" \/>\n<meta property=\"og:title\" content=\"Serveis - GESTALTERAPEUTA\" \/>\n<meta property=\"og:description\" content=\"Marta Borr\u00f3s, terapeuta gestalt, ofereix sessions de ter\u00e0pia individual, grupal i acompanyament educatiu des d&#039;un enfocament humanista i gest\u00e1ltico en L\u2019Hivernacle.\" \/>\n<meta property=\"og:url\" content=\"https:\/\/gestalterapeuta.com\/ca\/serveis\/\" \/>\n<meta property=\"og:site_name\" content=\"GESTALTERAPEUTA\" \/>\n<meta property=\"article:modified_time\" content=\"2025-10-24T22:26:03+00:00\" \/>\n<meta property=\"og:image\" content=\"https:\/\/gestalterapeuta.com\/wp-content\/uploads\/2025\/07\/Sillas-voladoras.jpg\" \/>\n\t<meta property=\"og:image:width\" content=\"500\" \/>\n\t<meta property=\"og:image:height\" content=\"333\" \/>\n\t<meta property=\"og:image:type\" content=\"image\/jpeg\" \/>\n<meta name=\"twitter:card\" content=\"summary_large_image\" \/>\n<meta name=\"twitter:label1\" content=\"Temps estimat de lectura\" \/>\n\t<meta name=\"twitter:data1\" content=\"3 minuts\" \/>\n<script type=\"application\/ld+json\" class=\"yoast-schema-graph\">{\"@context\":\"https:\/\/schema.org\",\"@graph\":[{\"@type\":\"WebPage\",\"@id\":\"https:\/\/gestalterapeuta.com\/ca\/serveis\/\",\"url\":\"https:\/\/gestalterapeuta.com\/ca\/serveis\/\",\"name\":\"Serveis - GESTALTERAPEUTA\",\"isPartOf\":{\"@id\":\"https:\/\/gestalterapeuta.com\/ca\/#website\"},\"primaryImageOfPage\":{\"@id\":\"https:\/\/gestalterapeuta.com\/ca\/serveis\/#primaryimage\"},\"image\":{\"@id\":\"https:\/\/gestalterapeuta.com\/ca\/serveis\/#primaryimage\"},\"thumbnailUrl\":\"https:\/\/gestalterapeuta.com\/wp-content\/uploads\/2025\/07\/Sillas-voladoras.jpg\",\"datePublished\":\"2025-06-26T13:26:11+00:00\",\"dateModified\":\"2025-10-24T22:26:03+00:00\",\"description\":\"Marta Borr\u00f3s, terapeuta gestalt, ofereix sessions de ter\u00e0pia individual, grupal i acompanyament educatiu des d'un enfocament humanista i gest\u00e1ltico en L\u2019Hivernacle.\",\"breadcrumb\":{\"@id\":\"https:\/\/gestalterapeuta.com\/ca\/serveis\/#breadcrumb\"},\"inLanguage\":\"ca\",\"potentialAction\":[{\"@type\":\"ReadAction\",\"target\":[\"https:\/\/gestalterapeuta.com\/ca\/serveis\/\"]}]},{\"@type\":\"ImageObject\",\"inLanguage\":\"ca\",\"@id\":\"https:\/\/gestalterapeuta.com\/ca\/serveis\/#primaryimage\",\"url\":\"https:\/\/gestalterapeuta.com\/wp-content\/uploads\/2025\/07\/Sillas-voladoras.jpg\",\"contentUrl\":\"https:\/\/gestalterapeuta.com\/wp-content\/uploads\/2025\/07\/Sillas-voladoras.jpg\",\"width\":500,\"height\":333,\"caption\":\"Terapia Gestalt silla vac\u00eda Marta Borr\u00f3s\"},{\"@type\":\"BreadcrumbList\",\"@id\":\"https:\/\/gestalterapeuta.com\/ca\/serveis\/#breadcrumb\",\"itemListElement\":[{\"@type\":\"ListItem\",\"position\":1,\"name\":\"Home\",\"item\":\"https:\/\/gestalterapeuta.com\/ca\/\"},{\"@type\":\"ListItem\",\"position\":2,\"name\":\"Serveis\"}]},{\"@type\":\"WebSite\",\"@id\":\"https:\/\/gestalterapeuta.com\/ca\/#website\",\"url\":\"https:\/\/gestalterapeuta.com\/ca\/\",\"name\":\"GESTALTERAPEUTA\",\"description\":\"Web corporativa de Terapeuta Gestalt Marta Borr\u00f3s\",\"potentialAction\":[{\"@type\":\"SearchAction\",\"target\":{\"@type\":\"EntryPoint\",\"urlTemplate\":\"https:\/\/gestalterapeuta.com\/ca\/?s={search_term_string}\"},\"query-input\":{\"@type\":\"PropertyValueSpecification\",\"valueRequired\":true,\"valueName\":\"search_term_string\"}}],\"inLanguage\":\"ca\"}]}<\/script>\n<!-- \/ Yoast SEO plugin. -->","yoast_head_json":{"title":"Serveis - GESTALTERAPEUTA","description":"Marta Borr\u00f3s, terapeuta gestalt, ofereix sessions de ter\u00e0pia individual, grupal i acompanyament educatiu des d'un enfocament humanista i gest\u00e1ltico en L\u2019Hivernacle.","robots":{"index":"index","follow":"follow","max-snippet":"max-snippet:-1","max-image-preview":"max-image-preview:large","max-video-preview":"max-video-preview:-1"},"canonical":"https:\/\/gestalterapeuta.com\/ca\/serveis\/","og_locale":"ca_ES","og_type":"article","og_title":"Serveis - GESTALTERAPEUTA","og_description":"Marta Borr\u00f3s, terapeuta gestalt, ofereix sessions de ter\u00e0pia individual, grupal i acompanyament educatiu des d'un enfocament humanista i gest\u00e1ltico en L\u2019Hivernacle.","og_url":"https:\/\/gestalterapeuta.com\/ca\/serveis\/","og_site_name":"GESTALTERAPEUTA","article_modified_time":"2025-10-24T22:26:03+00:00","og_image":[{"width":500,"height":333,"url":"https:\/\/gestalterapeuta.com\/wp-content\/uploads\/2025\/07\/Sillas-voladoras.jpg","type":"image\/jpeg"}],"twitter_card":"summary_large_image","twitter_misc":{"Temps estimat de lectura":"3 minuts"},"schema":{"@context":"https:\/\/schema.org","@graph":[{"@type":"WebPage","@id":"https:\/\/gestalterapeuta.com\/ca\/serveis\/","url":"https:\/\/gestalterapeuta.com\/ca\/serveis\/","name":"Serveis - GESTALTERAPEUTA","isPartOf":{"@id":"https:\/\/gestalterapeuta.com\/ca\/#website"},"primaryImageOfPage":{"@id":"https:\/\/gestalterapeuta.com\/ca\/serveis\/#primaryimage"},"image":{"@id":"https:\/\/gestalterapeuta.com\/ca\/serveis\/#primaryimage"},"thumbnailUrl":"https:\/\/gestalterapeuta.com\/wp-content\/uploads\/2025\/07\/Sillas-voladoras.jpg","datePublished":"2025-06-26T13:26:11+00:00","dateModified":"2025-10-24T22:26:03+00:00","description":"Marta Borr\u00f3s, terapeuta gestalt, ofereix sessions de ter\u00e0pia individual, grupal i acompanyament educatiu des d'un enfocament humanista i gest\u00e1ltico en L\u2019Hivernacle.","breadcrumb":{"@id":"https:\/\/gestalterapeuta.com\/ca\/serveis\/#breadcrumb"},"inLanguage":"ca","potentialAction":[{"@type":"ReadAction","target":["https:\/\/gestalterapeuta.com\/ca\/serveis\/"]}]},{"@type":"ImageObject","inLanguage":"ca","@id":"https:\/\/gestalterapeuta.com\/ca\/serveis\/#primaryimage","url":"https:\/\/gestalterapeuta.com\/wp-content\/uploads\/2025\/07\/Sillas-voladoras.jpg","contentUrl":"https:\/\/gestalterapeuta.com\/wp-content\/uploads\/2025\/07\/Sillas-voladoras.jpg","width":500,"height":333,"caption":"Terapia Gestalt silla vac\u00eda Marta Borr\u00f3s"},{"@type":"BreadcrumbList","@id":"https:\/\/gestalterapeuta.com\/ca\/serveis\/#breadcrumb","itemListElement":[{"@type":"ListItem","position":1,"name":"Home","item":"https:\/\/gestalterapeuta.com\/ca\/"},{"@type":"ListItem","position":2,"name":"Serveis"}]},{"@type":"WebSite","@id":"https:\/\/gestalterapeuta.com\/ca\/#website","url":"https:\/\/gestalterapeuta.com\/ca\/","name":"GESTALTERAPEUTA","description":"Web corporativa de Terapeuta Gestalt Marta Borr\u00f3s","potentialAction":[{"@type":"SearchAction","target":{"@type":"EntryPoint","urlTemplate":"https:\/\/gestalterapeuta.com\/ca\/?s={search_term_string}"},"query-input":{"@type":"PropertyValueSpecification","valueRequired":true,"valueName":"search_term_string"}}],"inLanguage":"ca"}]}},"_links":{"self":[{"href":"https:\/\/gestalterapeuta.com\/ca\/wp-json\/wp\/v2\/pages\/1839","targetHints":{"allow":["GET"]}}],"collection":[{"href":"https:\/\/gestalterapeuta.com\/ca\/wp-json\/wp\/v2\/pages"}],"about":[{"href":"https:\/\/gestalterapeuta.com\/ca\/wp-json\/wp\/v2\/types\/page"}],"author":[{"embeddable":true,"href":"https:\/\/gestalterapeuta.com\/ca\/wp-json\/wp\/v2\/users\/2"}],"replies":[{"embeddable":true,"href":"https:\/\/gestalterapeuta.com\/ca\/wp-json\/wp\/v2\/comments?post=1839"}],"version-history":[{"count":9,"href":"https:\/\/gestalterapeuta.com\/ca\/wp-json\/wp\/v2\/pages\/1839\/revisions"}],"predecessor-version":[{"id":2155,"href":"https:\/\/gestalterapeuta.com\/ca\/wp-json\/wp\/v2\/pages\/1839\/revisions\/2155"}],"wp:featuredmedia":[{"embeddable":true,"href":"https:\/\/gestalterapeuta.com\/ca\/wp-json\/wp\/v2\/media\/1714"}],"wp:attachment":[{"href":"https:\/\/gestalterapeuta.com\/ca\/wp-json\/wp\/v2\/media?parent=1839"}],"curies":[{"name":"wp","href":"https:\/\/api.w.org\/{rel}","templated":true}]}}