{"id":1854,"date":"2025-06-26T13:26:45","date_gmt":"2025-06-26T13:26:45","guid":{"rendered":"https:\/\/gestalterapeuta.com\/contacte\/"},"modified":"2026-02-13T17:13:31","modified_gmt":"2026-02-13T17:13:31","slug":"contacte","status":"publish","type":"page","link":"https:\/\/gestalterapeuta.com\/ca\/contacte\/","title":{"rendered":"Contacte"},"content":{"rendered":"\t\t<div data-elementor-type=\"wp-page\" data-elementor-id=\"1854\" class=\"elementor elementor-1854 elementor-526\" data-elementor-post-type=\"page\">\n\t\t\t\t<div class=\"elementor-element elementor-element-5248f82 e-flex e-con-boxed parallax_section_no qode_elementor_container_no e-con e-parent\" data-id=\"5248f82\" data-element_type=\"container\" data-e-type=\"container\">\n\t\t\t\t\t<div class=\"e-con-inner\">\n\t\t\t\t<div class=\"elementor-element elementor-element-11e6dea elementor-widget elementor-widget-qi_addons_for_elementor_animated_text\" data-id=\"11e6dea\" data-element_type=\"widget\" data-e-type=\"widget\" data-widget_type=\"qi_addons_for_elementor_animated_text.default\">\n\t\t\t\t<div class=\"elementor-widget-container\">\n\t\t\t\t\t<div class=\"qodef-shortcode qodef-m qodef-qi-animated-text qodef--alignment-left qodef-qi--has-appear qodef--appear-from-bottom\" >\n\t\t<h2 class=\"qodef-m-title\">\n\t\t T'AGRADARIA COMEN\u00c7AR UN PROC\u00c9S TERAP\u00c8UTIC?\t<\/h2>\n<\/div>\n\t\t\t\t<\/div>\n\t\t\t\t<\/div>\n\t\t\t\t\t<\/div>\n\t\t\t\t<\/div>\n\t\t<div class=\"elementor-element elementor-element-4b82d05 e-flex e-con-boxed parallax_section_no qode_elementor_container_no e-con e-parent\" data-id=\"4b82d05\" data-element_type=\"container\" data-e-type=\"container\">\n\t\t\t\t\t<div class=\"e-con-inner\">\n\t\t<div class=\"elementor-element elementor-element-24ae165 e-con-full e-flex parallax_section_no qode_elementor_container_no e-con e-child\" data-id=\"24ae165\" data-element_type=\"container\" data-e-type=\"container\">\n\t\t\t\t<div class=\"elementor-element elementor-element-dedec15 elementor-widget elementor-widget-text-editor\" data-id=\"dedec15\" data-element_type=\"widget\" data-e-type=\"widget\" data-widget_type=\"text-editor.default\">\n\t\t\t\t<div class=\"elementor-widget-container\">\n\t\t\t\t\t\t\t\t\t<p><span style=\"font-weight: 400;\">Si sents que ha arribat el moment de cuidar-te, d&#8217;escoltar-te amb m\u00e9s profunditat o de transitar un moment dif\u00edcil acompanyat, a L&#8217;Hivernacle ets al lloc adequat. <\/span><\/p>\n<p><span style=\"font-weight: 400;\">T&#8217;ofereixo un espai segur, proper i sense judicis des d&#8217;on poder comen\u00e7ar a mirar all\u00f2 que necessites. Tant si \u00e9s per a sessions individuals o grupals com per a propostes educatives, estar\u00e9 encantada d&#8217;escoltar-te. <\/span><\/p>\n\t\t\t\t\t\t\t\t<\/div>\n\t\t\t\t<\/div>\n\t\t\t\t<\/div>\n\t\t<div class=\"elementor-element elementor-element-e453ad1 e-con-full e-flex parallax_section_no qode_elementor_container_no e-con e-child\" data-id=\"e453ad1\" data-element_type=\"container\" data-e-type=\"container\">\n\t\t\t\t<div class=\"elementor-element elementor-element-cf0347f elementor-widget elementor-widget-text-editor\" data-id=\"cf0347f\" data-element_type=\"widget\" data-e-type=\"widget\" data-widget_type=\"text-editor.default\">\n\t\t\t\t<div class=\"elementor-widget-container\">\n\t\t\t\t\t\t\t\t\t<p><span style=\"font-weight: 400;\">Pots escriure&#8217;m per a:<\/span><\/p>\n<p><span style=\"font-weight: 400;\">&#8211; Demanar una primera entrevista sense comprom\u00eds.<\/span><\/p>\n<p><span style=\"font-weight: 400;\">&#8211; Resoldre dubtes sobre l&#8217;enfocament o els serveis.<\/span><\/p>\n<p><span style=\"font-weight: 400;\">&#8211; Consultar horaris i disponibilitat.<\/span><\/p>\n\t\t\t\t\t\t\t\t<\/div>\n\t\t\t\t<\/div>\n\t\t\t\t<\/div>\n\t\t\t\t\t<\/div>\n\t\t\t\t<\/div>\n\t\t\t\t<section class=\"elementor-section elementor-top-section elementor-element elementor-element-6f1c602 elementor-section-boxed elementor-section-height-default elementor-section-height-default parallax_section_no qode_elementor_container_no\" data-id=\"6f1c602\" data-element_type=\"section\" data-e-type=\"section\">\n\t\t\t\t\t\t<div class=\"elementor-container elementor-column-gap-default\">\n\t\t\t\t\t<div class=\"elementor-column elementor-col-50 elementor-top-column elementor-element elementor-element-bb5b4e3\" data-id=\"bb5b4e3\" data-element_type=\"column\" data-e-type=\"column\">\n\t\t\t<div class=\"elementor-widget-wrap elementor-element-populated\">\n\t\t\t\t\t\t<div class=\"elementor-element elementor-element-3cd03ae elementor-widget elementor-widget-qi_addons_for_elementor_contact_form_7\" data-id=\"3cd03ae\" data-element_type=\"widget\" data-e-type=\"widget\" data-widget_type=\"qi_addons_for_elementor_contact_form_7.default\">\n\t\t\t\t<div class=\"elementor-widget-container\">\n\t\t\t\t\t<div class=\"qodef-shortcode qodef-m qodef-qi-contact-form-7\">\n\t\n<div class=\"wpcf7 no-js\" id=\"wpcf7-f1911-o1\" lang=\"ca\" dir=\"ltr\" data-wpcf7-id=\"1911\">\n<div class=\"screen-reader-response\"><p role=\"status\" aria-live=\"polite\" aria-atomic=\"true\"><\/p> <ul><\/ul><\/div>\n<form action=\"\/ca\/wp-json\/wp\/v2\/pages\/1854#wpcf7-f1911-o1\" method=\"post\" class=\"wpcf7-form init\" aria-label=\"Formulari de contacte\" novalidate=\"novalidate\" data-status=\"init\">\n<fieldset class=\"hidden-fields-container\"><input type=\"hidden\" name=\"_wpcf7\" value=\"1911\" \/><input type=\"hidden\" name=\"_wpcf7_version\" value=\"6.1.5\" \/><input type=\"hidden\" name=\"_wpcf7_locale\" value=\"ca\" \/><input type=\"hidden\" name=\"_wpcf7_unit_tag\" value=\"wpcf7-f1911-o1\" \/><input type=\"hidden\" name=\"_wpcf7_container_post\" value=\"0\" \/><input type=\"hidden\" name=\"_wpcf7_posted_data_hash\" value=\"\" \/>\n<\/fieldset>\n<label> El teu nom\n    <span class=\"wpcf7-form-control-wrap\" data-name=\"your-name\"><input size=\"40\" maxlength=\"400\" class=\"wpcf7-form-control wpcf7-text wpcf7-validates-as-required\" autocomplete=\"name\" aria-required=\"true\" aria-invalid=\"false\" value=\"\" type=\"text\" name=\"your-name\" \/><\/span> <\/label>\n\n<label> El teu correu electr\u00f2nic\n    <span class=\"wpcf7-form-control-wrap\" data-name=\"your-email\"><input size=\"40\" maxlength=\"400\" class=\"wpcf7-form-control wpcf7-email wpcf7-validates-as-required wpcf7-text wpcf7-validates-as-email\" autocomplete=\"email\" aria-required=\"true\" aria-invalid=\"false\" value=\"\" type=\"email\" name=\"your-email\" \/><\/span> <\/label>\n\n<label> Assumpte\n    <span class=\"wpcf7-form-control-wrap\" data-name=\"your-subject\"><input size=\"40\" maxlength=\"400\" class=\"wpcf7-form-control wpcf7-text wpcf7-validates-as-required\" aria-required=\"true\" aria-invalid=\"false\" value=\"\" type=\"text\" name=\"your-subject\" \/><\/span> <\/label>\n\n<label> Missatge (Opcional)\n    <span class=\"wpcf7-form-control-wrap\" data-name=\"your-message\"><textarea cols=\"40\" rows=\"10\" maxlength=\"2000\" class=\"wpcf7-form-control wpcf7-textarea\" aria-invalid=\"false\" name=\"your-message\"><\/textarea><\/span> <\/label>\n\n<br><strong>Protecci\u00f3 de dades personals<\/strong><br>\n\n<span class=\"wpcf7-form-control-wrap\" data-name=\"acceptance-765\"><span class=\"wpcf7-form-control wpcf7-acceptance\"><span class=\"wpcf7-list-item\"><label><input type=\"checkbox\" name=\"acceptance-765\" value=\"1\" aria-invalid=\"false\" \/><span class=\"wpcf7-list-item-label\">He llegit i accepto la <a href=\"https:\/\/gestalterapeuta.com\/wp-content\/uploads\/2025\/12\/PoliticaDePrivacidad.pdf\" target=\"_blank\">Pol\u00edtica de Privacitat<\/a><\/span><\/label><\/span><\/span><\/span>\n\n<input class=\"wpcf7-form-control wpcf7-submit has-spinner\" type=\"submit\" value=\"Enviar\" \/><div class=\"wpcf7-response-output\" aria-hidden=\"true\"><\/div>\n<\/form>\n<\/div>\n<\/div>\n\t\t\t\t<\/div>\n\t\t\t\t<\/div>\n\t\t\t\t\t<\/div>\n\t\t<\/div>\n\t\t\t\t<div class=\"elementor-column elementor-col-50 elementor-top-column elementor-element elementor-element-c4f4d95\" data-id=\"c4f4d95\" data-element_type=\"column\" data-e-type=\"column\">\n\t\t\t<div class=\"elementor-widget-wrap elementor-element-populated\">\n\t\t\t\t\t\t<div class=\"elementor-element elementor-element-3b2d8ae elementor-widget elementor-widget-image\" data-id=\"3b2d8ae\" data-element_type=\"widget\" data-e-type=\"widget\" data-widget_type=\"image.default\">\n\t\t\t\t<div class=\"elementor-widget-container\">\n\t\t\t\t\t\t\t\t\t\t\t\t\t\t\t<img decoding=\"async\" width=\"180\" height=\"65\" src=\"https:\/\/gestalterapeuta.com\/wp-content\/uploads\/2025\/07\/LHivernacle-logo-e1753616197827.png\" class=\"attachment-large size-large wp-image-1668\" alt=\"\" \/>\t\t\t\t\t\t\t\t\t\t\t\t\t\t\t<\/div>\n\t\t\t\t<\/div>\n\t\t\t\t<div class=\"elementor-element elementor-element-e5cbb4c elementor-widget elementor-widget-spacer\" data-id=\"e5cbb4c\" data-element_type=\"widget\" data-e-type=\"widget\" data-widget_type=\"spacer.default\">\n\t\t\t\t<div class=\"elementor-widget-container\">\n\t\t\t\t\t\t\t<div class=\"elementor-spacer\">\n\t\t\t<div class=\"elementor-spacer-inner\"><\/div>\n\t\t<\/div>\n\t\t\t\t\t\t<\/div>\n\t\t\t\t<\/div>\n\t\t\t\t<div class=\"elementor-element elementor-element-893f2c7 elementor-widget elementor-widget-text-editor\" data-id=\"893f2c7\" data-element_type=\"widget\" data-e-type=\"widget\" data-widget_type=\"text-editor.default\">\n\t\t\t\t<div class=\"elementor-widget-container\">\n\t\t\t\t\t\t\t\t\t<p>Consulta i tallers:\u00a0 Seminari de Vic<\/p>\n<p>Ronda Francesc Camprodon, 2\u00a0 \u00a008500 Vic<\/p>\n\t\t\t\t\t\t\t\t<\/div>\n\t\t\t\t<\/div>\n\t\t\t\t<div class=\"elementor-element elementor-element-e1197c3 elementor-widget elementor-widget-text-editor\" data-id=\"e1197c3\" data-element_type=\"widget\" data-e-type=\"widget\" data-widget_type=\"text-editor.default\">\n\t\t\t\t<div class=\"elementor-widget-container\">\n\t\t\t\t\t\t\t\t\t<p>Consulta 2: Olost- Llu\u00e7an\u00e8s<\/p>\n\t\t\t\t\t\t\t\t<\/div>\n\t\t\t\t<\/div>\n\t\t\t\t<div class=\"elementor-element elementor-element-fd9abf9 elementor-widget elementor-widget-text-editor\" data-id=\"fd9abf9\" data-element_type=\"widget\" data-e-type=\"widget\" data-widget_type=\"text-editor.default\">\n\t\t\t\t<div class=\"elementor-widget-container\">\n\t\t\t\t\t\t\t\t\t<p><a href=\"tel:+34621148081\">Tel\u00e8fon: +34621148081<\/a><\/p>\n\t\t\t\t\t\t\t\t<\/div>\n\t\t\t\t<\/div>\n\t\t\t\t<div class=\"elementor-element elementor-element-757ba8a elementor-widget elementor-widget-text-editor\" data-id=\"757ba8a\" data-element_type=\"widget\" data-e-type=\"widget\" data-widget_type=\"text-editor.default\">\n\t\t\t\t<div class=\"elementor-widget-container\">\n\t\t\t\t\t\t\t\t\t<p><a href=\"mailto:m.borros@gestalterapeuta.com\">Email: m.borros@gestalterapeuta.com<\/a><\/p>\n\t\t\t\t\t\t\t\t<\/div>\n\t\t\t\t<\/div>\n\t\t\t\t<div class=\"elementor-element elementor-element-9a0993c elementor-invisible elementor-widget elementor-widget-bridge_separator_with_icon\" data-id=\"9a0993c\" data-element_type=\"widget\" data-e-type=\"widget\" data-settings=\"{&quot;_animation&quot;:&quot;fadeIn&quot;}\" data-widget_type=\"bridge_separator_with_icon.default\">\n\t\t\t\t<div class=\"elementor-widget-container\">\n\t\t\t\t\t<span class=\"separator_with_icon\" style=\"color:#51690D\"><i class=\"fa fa-leaf\"><\/i><\/span>\t\t\t\t<\/div>\n\t\t\t\t<\/div>\n\t\t\t\t<div class=\"elementor-element elementor-element-82b9efa elementor-widget elementor-widget-google_maps\" data-id=\"82b9efa\" data-element_type=\"widget\" data-e-type=\"widget\" data-widget_type=\"google_maps.default\">\n\t\t\t\t<div class=\"elementor-widget-container\">\n\t\t\t\t\t\t\t<div class=\"elementor-custom-embed\">\n\t\t\t<iframe loading=\"lazy\"\n\t\t\t\t\tsrc=\"https:\/\/maps.google.com\/maps?q=Seminari%20de%20Vic&#038;t=m&#038;z=10&#038;output=embed&#038;iwloc=near\"\n\t\t\t\t\ttitle=\"Seminari de Vic\"\n\t\t\t\t\taria-label=\"Seminari de Vic\"\n\t\t\t><\/iframe>\n\t\t<\/div>\n\t\t\t\t\t\t<\/div>\n\t\t\t\t<\/div>\n\t\t\t\t\t<\/div>\n\t\t<\/div>\n\t\t\t\t\t<\/div>\n\t\t<\/section>\n\t\t<div class=\"elementor-element elementor-element-fd1b11a e-flex e-con-boxed parallax_section_no qode_elementor_container_no e-con e-parent\" data-id=\"fd1b11a\" data-element_type=\"container\" data-e-type=\"container\">\n\t\t\t\t\t<div class=\"e-con-inner\">\n\t\t\t\t<div class=\"elementor-element elementor-element-b8ec97b elementor-pagination-position-outside elementor-widget elementor-widget-image-carousel\" data-id=\"b8ec97b\" data-element_type=\"widget\" data-e-type=\"widget\" data-settings=\"{&quot;slides_to_show&quot;:&quot;6&quot;,&quot;navigation&quot;:&quot;dots&quot;,&quot;autoplay&quot;:&quot;yes&quot;,&quot;pause_on_hover&quot;:&quot;yes&quot;,&quot;pause_on_interaction&quot;:&quot;yes&quot;,&quot;autoplay_speed&quot;:5000,&quot;infinite&quot;:&quot;yes&quot;,&quot;speed&quot;:500}\" data-widget_type=\"image-carousel.default\">\n\t\t\t\t<div class=\"elementor-widget-container\">\n\t\t\t\t\t\t\t<div class=\"elementor-image-carousel-wrapper swiper\" role=\"region\" aria-roledescription=\"carousel\" aria-label=\"Carrusel de im\u00e1genes\" dir=\"ltr\">\n\t\t\t<div class=\"elementor-image-carousel swiper-wrapper\" aria-live=\"off\">\n\t\t\t\t\t\t\t\t<div class=\"swiper-slide\" role=\"group\" aria-roledescription=\"slide\" aria-label=\"1 de 6\"><figure class=\"swiper-slide-inner\"><img decoding=\"async\" class=\"swiper-slide-image\" src=\"https:\/\/gestalterapeuta.com\/wp-content\/uploads\/2025\/07\/escritura-terapeutica-4.jpg\" alt=\"diario escritura terapeutica\" \/><\/figure><\/div><div class=\"swiper-slide\" role=\"group\" aria-roledescription=\"slide\" aria-label=\"2 de 6\"><figure class=\"swiper-slide-inner\"><img decoding=\"async\" class=\"swiper-slide-image\" src=\"https:\/\/gestalterapeuta.com\/wp-content\/uploads\/2025\/07\/escritura-terapeutica-5.jpg\" alt=\"diario emocional escritura terapeutica\" \/><\/figure><\/div><div class=\"swiper-slide\" role=\"group\" aria-roledescription=\"slide\" aria-label=\"3 de 6\"><figure class=\"swiper-slide-inner\"><img decoding=\"async\" class=\"swiper-slide-image\" src=\"https:\/\/gestalterapeuta.com\/wp-content\/uploads\/2025\/07\/escritura-terapeutica-marta-borros-1024x686.jpg\" alt=\"escritura terapeutica marta borros\" \/><\/figure><\/div><div class=\"swiper-slide\" role=\"group\" aria-roledescription=\"slide\" aria-label=\"4 de 6\"><figure class=\"swiper-slide-inner\"><img decoding=\"async\" class=\"swiper-slide-image\" src=\"https:\/\/gestalterapeuta.com\/wp-content\/uploads\/2025\/07\/Llavors-creixement-petit.jpg\" alt=\"Llavors-creixement-petit\" \/><\/figure><\/div><div class=\"swiper-slide\" role=\"group\" aria-roledescription=\"slide\" aria-label=\"5 de 6\"><figure class=\"swiper-slide-inner\"><img decoding=\"async\" class=\"swiper-slide-image\" src=\"https:\/\/gestalterapeuta.com\/wp-content\/uploads\/2025\/06\/cadira-buida-1024x682.jpg\" alt=\"Silla vac\u00eda Marta Borr\u00f3s\" \/><\/figure><\/div><div class=\"swiper-slide\" role=\"group\" aria-roledescription=\"slide\" aria-label=\"6 de 6\"><figure class=\"swiper-slide-inner\"><img decoding=\"async\" class=\"swiper-slide-image\" src=\"https:\/\/gestalterapeuta.com\/wp-content\/uploads\/2025\/05\/lhivernacle-slider-3-1024x684.jpg\" alt=\"lhivernacle-slider-3\" \/><\/figure><\/div>\t\t\t<\/div>\n\t\t\t\t\t\t\t\n\t\t\t\t\t\t\t\t\t<div class=\"swiper-pagination\"><\/div>\n\t\t\t\t\t\t\t\t\t<\/div>\n\t\t\t\t\t\t<\/div>\n\t\t\t\t<\/div>\n\t\t\t\t\t<\/div>\n\t\t\t\t<\/div>\n\t\t\t\t<\/div>\n\t\t","protected":false},"excerpt":{"rendered":"<p>T&#8217;AGRADARIA COMEN\u00c7AR UN PROC\u00c9S TERAP\u00c8UTIC? Si sents que ha arribat el moment de cuidar-te, d&#8217;escoltar-te amb m\u00e9s profunditat o de transitar un moment dif\u00edcil acompanyat, a L&#8217;Hivernacle ets al lloc adequat. T&#8217;ofereixo un espai segur, proper i sense judicis des d&#8217;on poder comen\u00e7ar a mirar&#8230;<\/p>\n","protected":false},"author":2,"featured_media":1737,"parent":0,"menu_order":0,"comment_status":"closed","ping_status":"closed","template":"full_width.php","meta":{"_monsterinsights_skip_tracking":false,"_monsterinsights_sitenote_active":false,"_monsterinsights_sitenote_note":"","_monsterinsights_sitenote_category":0,"footnotes":""},"class_list":["post-1854","page","type-page","status-publish","has-post-thumbnail","hentry"],"yoast_head":"<!-- This site is optimized with the Yoast SEO plugin v27.4 - https:\/\/yoast.com\/product\/yoast-seo-wordpress\/ -->\n<title>Contacte - GESTALTERAPEUTA<\/title>\n<meta name=\"description\" content=\"Contacta amb L\u2019Hivernacle, espai de ter\u00e0pia Gestalt a Barcelona. Sol\u00b7licita la teva primera sessi\u00f3, resol dubtes o comen\u00e7a el teu proc\u00e9s d&#039;acompanyament emocional.\" \/>\n<meta name=\"robots\" content=\"index, follow, max-snippet:-1, max-image-preview:large, max-video-preview:-1\" \/>\n<link rel=\"canonical\" href=\"https:\/\/gestalterapeuta.com\/ca\/contacte\/\" \/>\n<meta property=\"og:locale\" content=\"ca_ES\" \/>\n<meta property=\"og:type\" content=\"article\" \/>\n<meta property=\"og:title\" content=\"Contacte - GESTALTERAPEUTA\" \/>\n<meta property=\"og:description\" content=\"Contacta amb L\u2019Hivernacle, espai de ter\u00e0pia Gestalt a Barcelona. Sol\u00b7licita la teva primera sessi\u00f3, resol dubtes o comen\u00e7a el teu proc\u00e9s d&#039;acompanyament emocional.\" \/>\n<meta property=\"og:url\" content=\"https:\/\/gestalterapeuta.com\/ca\/contacte\/\" \/>\n<meta property=\"og:site_name\" content=\"GESTALTERAPEUTA\" \/>\n<meta property=\"article:modified_time\" content=\"2026-02-13T17:13:31+00:00\" \/>\n<meta property=\"og:image\" content=\"https:\/\/gestalterapeuta.com\/wp-content\/uploads\/2025\/08\/LOGO-LHivernacle.jpg\" \/>\n\t<meta property=\"og:image:width\" content=\"500\" \/>\n\t<meta property=\"og:image:height\" content=\"500\" \/>\n\t<meta property=\"og:image:type\" content=\"image\/jpeg\" \/>\n<meta name=\"twitter:card\" content=\"summary_large_image\" \/>\n<meta name=\"twitter:label1\" content=\"Temps estimat de lectura\" \/>\n\t<meta name=\"twitter:data1\" content=\"5 minuts\" \/>\n<script type=\"application\/ld+json\" class=\"yoast-schema-graph\">{\"@context\":\"https:\\\/\\\/schema.org\",\"@graph\":[{\"@type\":\"WebPage\",\"@id\":\"https:\\\/\\\/gestalterapeuta.com\\\/ca\\\/contacte\\\/\",\"url\":\"https:\\\/\\\/gestalterapeuta.com\\\/ca\\\/contacte\\\/\",\"name\":\"Contacte - GESTALTERAPEUTA\",\"isPartOf\":{\"@id\":\"https:\\\/\\\/gestalterapeuta.com\\\/ca\\\/#website\"},\"primaryImageOfPage\":{\"@id\":\"https:\\\/\\\/gestalterapeuta.com\\\/ca\\\/contacte\\\/#primaryimage\"},\"image\":{\"@id\":\"https:\\\/\\\/gestalterapeuta.com\\\/ca\\\/contacte\\\/#primaryimage\"},\"thumbnailUrl\":\"https:\\\/\\\/gestalterapeuta.com\\\/wp-content\\\/uploads\\\/2025\\\/08\\\/LOGO-LHivernacle.jpg\",\"datePublished\":\"2025-06-26T13:26:45+00:00\",\"dateModified\":\"2026-02-13T17:13:31+00:00\",\"description\":\"Contacta amb L\u2019Hivernacle, espai de ter\u00e0pia Gestalt a Barcelona. Sol\u00b7licita la teva primera sessi\u00f3, resol dubtes o comen\u00e7a el teu proc\u00e9s d'acompanyament emocional.\",\"breadcrumb\":{\"@id\":\"https:\\\/\\\/gestalterapeuta.com\\\/ca\\\/contacte\\\/#breadcrumb\"},\"inLanguage\":\"ca\",\"potentialAction\":[{\"@type\":\"ReadAction\",\"target\":[\"https:\\\/\\\/gestalterapeuta.com\\\/ca\\\/contacte\\\/\"]}]},{\"@type\":\"ImageObject\",\"inLanguage\":\"ca\",\"@id\":\"https:\\\/\\\/gestalterapeuta.com\\\/ca\\\/contacte\\\/#primaryimage\",\"url\":\"https:\\\/\\\/gestalterapeuta.com\\\/wp-content\\\/uploads\\\/2025\\\/08\\\/LOGO-LHivernacle.jpg\",\"contentUrl\":\"https:\\\/\\\/gestalterapeuta.com\\\/wp-content\\\/uploads\\\/2025\\\/08\\\/LOGO-LHivernacle.jpg\",\"width\":500,\"height\":500,\"caption\":\"Logo L'Hivernacle\"},{\"@type\":\"BreadcrumbList\",\"@id\":\"https:\\\/\\\/gestalterapeuta.com\\\/ca\\\/contacte\\\/#breadcrumb\",\"itemListElement\":[{\"@type\":\"ListItem\",\"position\":1,\"name\":\"Home\",\"item\":\"https:\\\/\\\/gestalterapeuta.com\\\/ca\\\/\"},{\"@type\":\"ListItem\",\"position\":2,\"name\":\"Contacte\"}]},{\"@type\":\"WebSite\",\"@id\":\"https:\\\/\\\/gestalterapeuta.com\\\/ca\\\/#website\",\"url\":\"https:\\\/\\\/gestalterapeuta.com\\\/ca\\\/\",\"name\":\"GESTALTERAPEUTA\",\"description\":\"Web corporativa de Terapeuta Gestalt Marta Borr\u00f3s\",\"potentialAction\":[{\"@type\":\"SearchAction\",\"target\":{\"@type\":\"EntryPoint\",\"urlTemplate\":\"https:\\\/\\\/gestalterapeuta.com\\\/ca\\\/?s={search_term_string}\"},\"query-input\":{\"@type\":\"PropertyValueSpecification\",\"valueRequired\":true,\"valueName\":\"search_term_string\"}}],\"inLanguage\":\"ca\"}]}<\/script>\n<!-- \/ Yoast SEO plugin. -->","yoast_head_json":{"title":"Contacte - GESTALTERAPEUTA","description":"Contacta amb L\u2019Hivernacle, espai de ter\u00e0pia Gestalt a Barcelona. Sol\u00b7licita la teva primera sessi\u00f3, resol dubtes o comen\u00e7a el teu proc\u00e9s d'acompanyament emocional.","robots":{"index":"index","follow":"follow","max-snippet":"max-snippet:-1","max-image-preview":"max-image-preview:large","max-video-preview":"max-video-preview:-1"},"canonical":"https:\/\/gestalterapeuta.com\/ca\/contacte\/","og_locale":"ca_ES","og_type":"article","og_title":"Contacte - GESTALTERAPEUTA","og_description":"Contacta amb L\u2019Hivernacle, espai de ter\u00e0pia Gestalt a Barcelona. Sol\u00b7licita la teva primera sessi\u00f3, resol dubtes o comen\u00e7a el teu proc\u00e9s d'acompanyament emocional.","og_url":"https:\/\/gestalterapeuta.com\/ca\/contacte\/","og_site_name":"GESTALTERAPEUTA","article_modified_time":"2026-02-13T17:13:31+00:00","og_image":[{"width":500,"height":500,"url":"https:\/\/gestalterapeuta.com\/wp-content\/uploads\/2025\/08\/LOGO-LHivernacle.jpg","type":"image\/jpeg"}],"twitter_card":"summary_large_image","twitter_misc":{"Temps estimat de lectura":"5 minuts"},"schema":{"@context":"https:\/\/schema.org","@graph":[{"@type":"WebPage","@id":"https:\/\/gestalterapeuta.com\/ca\/contacte\/","url":"https:\/\/gestalterapeuta.com\/ca\/contacte\/","name":"Contacte - GESTALTERAPEUTA","isPartOf":{"@id":"https:\/\/gestalterapeuta.com\/ca\/#website"},"primaryImageOfPage":{"@id":"https:\/\/gestalterapeuta.com\/ca\/contacte\/#primaryimage"},"image":{"@id":"https:\/\/gestalterapeuta.com\/ca\/contacte\/#primaryimage"},"thumbnailUrl":"https:\/\/gestalterapeuta.com\/wp-content\/uploads\/2025\/08\/LOGO-LHivernacle.jpg","datePublished":"2025-06-26T13:26:45+00:00","dateModified":"2026-02-13T17:13:31+00:00","description":"Contacta amb L\u2019Hivernacle, espai de ter\u00e0pia Gestalt a Barcelona. Sol\u00b7licita la teva primera sessi\u00f3, resol dubtes o comen\u00e7a el teu proc\u00e9s d'acompanyament emocional.","breadcrumb":{"@id":"https:\/\/gestalterapeuta.com\/ca\/contacte\/#breadcrumb"},"inLanguage":"ca","potentialAction":[{"@type":"ReadAction","target":["https:\/\/gestalterapeuta.com\/ca\/contacte\/"]}]},{"@type":"ImageObject","inLanguage":"ca","@id":"https:\/\/gestalterapeuta.com\/ca\/contacte\/#primaryimage","url":"https:\/\/gestalterapeuta.com\/wp-content\/uploads\/2025\/08\/LOGO-LHivernacle.jpg","contentUrl":"https:\/\/gestalterapeuta.com\/wp-content\/uploads\/2025\/08\/LOGO-LHivernacle.jpg","width":500,"height":500,"caption":"Logo L'Hivernacle"},{"@type":"BreadcrumbList","@id":"https:\/\/gestalterapeuta.com\/ca\/contacte\/#breadcrumb","itemListElement":[{"@type":"ListItem","position":1,"name":"Home","item":"https:\/\/gestalterapeuta.com\/ca\/"},{"@type":"ListItem","position":2,"name":"Contacte"}]},{"@type":"WebSite","@id":"https:\/\/gestalterapeuta.com\/ca\/#website","url":"https:\/\/gestalterapeuta.com\/ca\/","name":"GESTALTERAPEUTA","description":"Web corporativa de Terapeuta Gestalt Marta Borr\u00f3s","potentialAction":[{"@type":"SearchAction","target":{"@type":"EntryPoint","urlTemplate":"https:\/\/gestalterapeuta.com\/ca\/?s={search_term_string}"},"query-input":{"@type":"PropertyValueSpecification","valueRequired":true,"valueName":"search_term_string"}}],"inLanguage":"ca"}]}},"_links":{"self":[{"href":"https:\/\/gestalterapeuta.com\/ca\/wp-json\/wp\/v2\/pages\/1854","targetHints":{"allow":["GET"]}}],"collection":[{"href":"https:\/\/gestalterapeuta.com\/ca\/wp-json\/wp\/v2\/pages"}],"about":[{"href":"https:\/\/gestalterapeuta.com\/ca\/wp-json\/wp\/v2\/types\/page"}],"author":[{"embeddable":true,"href":"https:\/\/gestalterapeuta.com\/ca\/wp-json\/wp\/v2\/users\/2"}],"replies":[{"embeddable":true,"href":"https:\/\/gestalterapeuta.com\/ca\/wp-json\/wp\/v2\/comments?post=1854"}],"version-history":[{"count":13,"href":"https:\/\/gestalterapeuta.com\/ca\/wp-json\/wp\/v2\/pages\/1854\/revisions"}],"predecessor-version":[{"id":2242,"href":"https:\/\/gestalterapeuta.com\/ca\/wp-json\/wp\/v2\/pages\/1854\/revisions\/2242"}],"wp:featuredmedia":[{"embeddable":true,"href":"https:\/\/gestalterapeuta.com\/ca\/wp-json\/wp\/v2\/media\/1737"}],"wp:attachment":[{"href":"https:\/\/gestalterapeuta.com\/ca\/wp-json\/wp\/v2\/media?parent=1854"}],"curies":[{"name":"wp","href":"https:\/\/api.w.org\/{rel}","templated":true}]}}